{"id":448,"date":"2014-08-29T01:32:00","date_gmt":"2014-08-28T23:32:00","guid":{"rendered":"http:\/\/wp\/?page_id=2"},"modified":"2023-03-07T11:25:12","modified_gmt":"2023-03-07T10:25:12","slug":"home","status":"publish","type":"page","link":"https:\/\/dva-huber.com\/","title":{"rendered":"DVA Huber GmbH"},"content":{"rendered":"\n<style type=\"text\/css\" data-created_by=\"avia_inline_auto\" id=\"style-css-av-5a7ns0-acc37957156b0336e0bf1e30f53e3c57\">\n.avia-section.av-5a7ns0-acc37957156b0336e0bf1e30f53e3c57{\nmargin-top:0px;\nmargin-bottom:0px;\n}\n.avia-section.av-5a7ns0-acc37957156b0336e0bf1e30f53e3c57 .av-extra-border-element .av-extra-border-inner{\nbackground-color:#0c74ba;\n}\n<\/style>\n<div id='av_section_1'  class='avia-section av-5a7ns0-acc37957156b0336e0bf1e30f53e3c57 header_color avia-section-no-padding avia-no-border-styling  avia-builder-el-0  el_before_av_section  avia-builder-el-first  avia-bg-style-scroll av-arrow-down-section container_wrap sidebar_right'  ><div class='container av-section-cont-open' ><main  role=\"main\" itemprop=\"mainContentOfPage\"  class='template-page content  av-content-small alpha units'><div class='post-entry post-entry-type-page post-entry-448'><div class='entry-content-wrapper clearfix'>\n\n<style type=\"text\/css\" data-created_by=\"avia_inline_auto\" id=\"style-css-av-kf3pk5f1-1d268ff45f26986981e2f5a7da973acf\">\n#top .hr.hr-invisible.av-kf3pk5f1-1d268ff45f26986981e2f5a7da973acf{\nheight:30px;\n}\n<\/style>\n<div  class='hr av-kf3pk5f1-1d268ff45f26986981e2f5a7da973acf hr-invisible  avia-builder-el-1  el_before_av_heading  avia-builder-el-first '><span class='hr-inner '><span class=\"hr-inner-style\"><\/span><\/span><\/div>\n\n<style type=\"text\/css\" data-created_by=\"avia_inline_auto\" id=\"style-css-av-kf3p7z94-31de6f83106e993a2e8e988d10b94201\">\n#top .av-special-heading.av-kf3p7z94-31de6f83106e993a2e8e988d10b94201{\npadding-bottom:40px;\ncolor:#ffffff;\n}\nbody .av-special-heading.av-kf3p7z94-31de6f83106e993a2e8e988d10b94201 .av-special-heading-tag .heading-char{\nfont-size:25px;\n}\n.av-special-heading.av-kf3p7z94-31de6f83106e993a2e8e988d10b94201 .special-heading-inner-border{\nborder-color:#ffffff;\n}\n.av-special-heading.av-kf3p7z94-31de6f83106e993a2e8e988d10b94201 .av-subheading{\nfont-size:15px;\n}\n<\/style>\n<div  class='av-special-heading av-kf3p7z94-31de6f83106e993a2e8e988d10b94201 av-special-heading-h2 custom-color-heading blockquote modern-quote  avia-builder-el-2  el_after_av_hr  avia-builder-el-last '><h2 class='av-special-heading-tag'  itemprop=\"headline\"  >Spezialisierte Druckluft Anwendungen<\/h2><div class='av_custom_color av-subheading av-subheading_below'><p>f\u00fcr besondere Anforderungen<\/p>\n<\/div><div class=\"special-heading-border\"><div class=\"special-heading-inner-border\"><\/div><\/div><\/div>\n\n<\/div><\/div><\/main><!-- close content main element --><\/div><div class='av-extra-border-element border-extra-arrow-down'><div class='av-extra-border-outer'><div class='av-extra-border-inner'><\/div><\/div><\/div><\/div>\n<style type=\"text\/css\" data-created_by=\"avia_inline_auto\" id=\"style-css-av-4uvxw8-78ab3f35d84499df773cdcbd89789316\">\n.avia-section.av-4uvxw8-78ab3f35d84499df773cdcbd89789316 .av-extra-border-element .av-extra-border-inner{\nbackground-color:#ffffff;\n}\n<\/style>\n<div id='av_section_2'  class='avia-section av-4uvxw8-78ab3f35d84499df773cdcbd89789316 main_color avia-section-large avia-no-border-styling  avia-builder-el-3  el_after_av_section  el_before_av_button_big  avia-bg-style-scroll av-arrow-down-section container_wrap sidebar_right'  ><div class='container av-section-cont-open' ><div class='template-page content  av-content-small alpha units'><div class='post-entry post-entry-type-page post-entry-448'><div class='entry-content-wrapper clearfix'>\n<div class='flex_column av-3nw5zk-62caeb2f1251890661e5dc6c3670e71c av_one_half  avia-builder-el-4  el_before_av_one_half  avia-builder-el-first  first flex_column_div '     ><style type=\"text\/css\" data-created_by=\"avia_inline_auto\" id=\"style-css-av-3j0l00-ac8aca57f011bb43454e46d66313df87\">\n.iconbox.av-3j0l00-ac8aca57f011bb43454e46d66313df87 .iconbox_icon{\nborder:1px solid #307ecc;\ncolor:#307ecc;\n}\n<\/style>\n<article  class='iconbox iconbox_left_content av-3j0l00-ac8aca57f011bb43454e46d66313df87  avia-builder-el-5  avia-builder-el-no-sibling '  itemscope=\"itemscope\" itemtype=\"https:\/\/schema.org\/CreativeWork\" ><a href='https:\/\/luftkissen.net' title='Luftkissen' target=\"_blank\" rel=\"noopener noreferrer\" class=\"iconbox_icon heading-color\" aria-hidden='true' data-av_icon='\ue8ae' data-av_iconfont='entypo-fontello'><\/a><div class=\"iconbox_content\"><header class=\"entry-content-header\"><h3 class='iconbox_content_title '  itemprop=\"headline\" ><a href='https:\/\/luftkissen.net' title='Luftkissen' target=\"_blank\" rel=\"noopener noreferrer\">Luftkissen<\/a><\/h3><\/header><div class='iconbox_content_container '  itemprop=\"text\" ><p>Wenn Stapler, Kran und Schwerlastrollen an ihre Grenzen kommen: Luftgleitkissen und Luftkissentransportsysteme sind die intelligente Technologie f\u00fcr den &#8222;reibungslosen&#8220; Transport von schweren Lasten.<\/p>\n<\/div><\/div><footer class=\"entry-footer\"><\/footer><\/article><\/div><div class='flex_column av-3el3hk-f75d2184f3d4b1bfa7df4da9dc799a97 av_one_half  avia-builder-el-6  el_after_av_one_half  avia-builder-el-last  flex_column_div '     ><style type=\"text\/css\" data-created_by=\"avia_inline_auto\" id=\"style-css-av-3ax5hk-024cfae3811e82dd337ec9b74a12632c\">\n.iconbox.av-3ax5hk-024cfae3811e82dd337ec9b74a12632c .iconbox_icon{\nborder:1px solid #307ecc;\ncolor:#307ecc;\n}\n<\/style>\n<article  class='iconbox iconbox_left_content av-3ax5hk-024cfae3811e82dd337ec9b74a12632c  avia-builder-el-7  avia-builder-el-no-sibling '  itemscope=\"itemscope\" itemtype=\"https:\/\/schema.org\/CreativeWork\" ><a href='https:\/\/xn--venturidsen-0hb.de\/' title='Venturid\u00fcsen' target=\"_blank\" rel=\"noopener noreferrer\" class=\"iconbox_icon heading-color\" aria-hidden='true' data-av_icon='\ue831' data-av_iconfont='entypo-fontello'><\/a><div class=\"iconbox_content\"><header class=\"entry-content-header\"><h3 class='iconbox_content_title '  itemprop=\"headline\" ><a href='https:\/\/xn--venturidsen-0hb.de\/' title='Venturid\u00fcsen' target=\"_blank\" rel=\"noopener noreferrer\">Venturid\u00fcsen<\/a><\/h3><\/header><div class='iconbox_content_container '  itemprop=\"text\" ><p>Energieeffiziente Luftk\u00fchlung, Explosionsgesch\u00fctzte Absaugung: D\u00fcsen nach dem Venturi Prinzip verwandeln hohen Druck in gro\u00dfe Volumenstr\u00f6me.<\/p>\n<\/div><\/div><footer class=\"entry-footer\"><\/footer><\/article><\/div><div  class='avia-button-wrap avia-button-center  avia-builder-el-8  el_after_av_section  avia-builder-el-last '>\n<style type=\"text\/css\" data-created_by=\"avia_inline_auto\" id=\"style-css-av-b55pc-8f48c0b4442bd7db4955f9602beb4a7d\">\n#top #wrap_all .avia-button.av-b55pc-8f48c0b4442bd7db4955f9602beb4a7d{\nbackground-color:#307ecc;\nborder-color:#307ecc;\ncolor:#ffffff;\n-webkit-transition:all 0.4s ease-in-out;\n-moz-transition:all 0.4s ease-in-out;\n-ms-transition:all 0.4s ease-in-out;\n-o-transition:all 0.4s ease-in-out;\ntransition:all 0.4s ease-in-out;\n}\n#top #wrap_all .avia-button.av-b55pc-8f48c0b4442bd7db4955f9602beb4a7d:hover{\nbackground-color:#444444;\ncolor:#ffffff;\n-webkit-transition:all 0.4s ease-in-out;\n-moz-transition:all 0.4s ease-in-out;\n-ms-transition:all 0.4s ease-in-out;\n-o-transition:all 0.4s ease-in-out;\ntransition:all 0.4s ease-in-out;\n}\n<\/style>\n<a href='https:\/\/dva-huber.com\/service\/kontakt\/' class='av-icon-on-hover avia-button avia-button-fullwidth av-b55pc-8f48c0b4442bd7db4955f9602beb4a7d avia-icon_select-yes-right-icon avia-color-custom'  target=\"_blank\"  rel=\"noopener noreferrer\" ><span class='avia_iconbox_title' >Nehmen Sie Kontakt auf!<\/span><span class='avia_button_icon avia_button_icon_right' aria-hidden='true' data-av_icon='\ue805' data-av_iconfont='entypo-fontello'><\/span><div class='av-button-description av-button-description-below'><p>Mit \u00fcber 50 Jahren Erfahrung im Bereich Erzeugung und Nutzung von Druckluft haben wir uns auf die L\u00f6sung ungew\u00f6hnlicher Anforderungen spezialisiert.<br \/>\nWenn Sie Fragen zu unseren Produkten haben, oder eine L\u00f6sung f\u00fcr eine konkretes Problem suchen, wir beraten Sie gerne.<\/p>\n<\/div><\/a><\/div><\/p>\n","protected":false},"excerpt":{"rendered":"","protected":false},"author":1,"featured_media":0,"parent":0,"menu_order":0,"comment_status":"closed","ping_status":"closed","template":"","meta":{"footnotes":""},"_links":{"self":[{"href":"https:\/\/dva-huber.com\/wp-json\/wp\/v2\/pages\/448"}],"collection":[{"href":"https:\/\/dva-huber.com\/wp-json\/wp\/v2\/pages"}],"about":[{"href":"https:\/\/dva-huber.com\/wp-json\/wp\/v2\/types\/page"}],"author":[{"embeddable":true,"href":"https:\/\/dva-huber.com\/wp-json\/wp\/v2\/users\/1"}],"replies":[{"embeddable":true,"href":"https:\/\/dva-huber.com\/wp-json\/wp\/v2\/comments?post=448"}],"version-history":[{"count":14,"href":"https:\/\/dva-huber.com\/wp-json\/wp\/v2\/pages\/448\/revisions"}],"predecessor-version":[{"id":709,"href":"https:\/\/dva-huber.com\/wp-json\/wp\/v2\/pages\/448\/revisions\/709"}],"wp:attachment":[{"href":"https:\/\/dva-huber.com\/wp-json\/wp\/v2\/media?parent=448"}],"curies":[{"name":"wp","href":"https:\/\/api.w.org\/{rel}","templated":true}]}}